{"id":2152,"date":"2012-05-08T08:40:15","date_gmt":"2012-05-08T06:40:15","guid":{"rendered":"http:\/\/www.polom.org\/blog\/?page_id=2152"},"modified":"2012-05-08T08:40:15","modified_gmt":"2012-05-08T06:40:15","slug":"a-propos","status":"publish","type":"page","link":"https:\/\/www.polom.org\/blog\/a-propos","title":{"rendered":"A propos"},"content":{"rendered":"<p>Quelques mots. Je n&rsquo;aime gu\u00e8re parler de moi mais quand je visite un blog j&rsquo;aime avoir une id\u00e9e de qui est derri\u00e8re.<\/p>\n<p>Je m&rsquo;appelle Marc, j&rsquo;ai une quarantaine d&rsquo;ann\u00e9es. Je travaille dans les m\u00e9tiers de l&rsquo;internet depuis 1996 et pratique la photo r\u00e9guli\u00e8rement et avec passion depuis le milieu des ann\u00e9es 80, m\u00eame si j&rsquo;ai jou\u00e9 avec des bo\u00eetiers un peu plus t\u00f4t :<\/p>\n<p><a href=\"http:\/\/www.polom.org\/blog\/wp-content\/uploads\/2012\/05\/1982-Marco-Photographe-004-export.jpg\"><img loading=\"lazy\" decoding=\"async\" class=\"alignnone size-full wp-image-2153\" title=\"1982-Marco-Photographe-004-export\" src=\"http:\/\/www.polom.org\/blog\/wp-content\/uploads\/2012\/05\/1982-Marco-Photographe-004-export.jpg\" alt=\"\" width=\"500\" height=\"698\" srcset=\"https:\/\/www.polom.org\/blog\/wp-content\/uploads\/2012\/05\/1982-Marco-Photographe-004-export.jpg 500w, https:\/\/www.polom.org\/blog\/wp-content\/uploads\/2012\/05\/1982-Marco-Photographe-004-export-214x300.jpg 214w\" sizes=\"(max-width: 500px) 100vw, 500px\" \/><\/a><\/p>\n<p>L\u00e0 c&rsquo;est 1977 je crois : p<\/p>\n","protected":false},"excerpt":{"rendered":"<p>Quelques mots. Je n&rsquo;aime gu\u00e8re parler de moi mais quand je visite un blog j&rsquo;aime avoir une id\u00e9e de qui est derri\u00e8re. Je m&rsquo;appelle Marc, j&rsquo;ai une quarantaine&#8230;<\/p>\n","protected":false},"author":1,"featured_media":0,"parent":0,"menu_order":0,"comment_status":"open","ping_status":"open","template":"","meta":{"footnotes":""},"_links":{"self":[{"href":"https:\/\/www.polom.org\/blog\/wp-json\/wp\/v2\/pages\/2152"}],"collection":[{"href":"https:\/\/www.polom.org\/blog\/wp-json\/wp\/v2\/pages"}],"about":[{"href":"https:\/\/www.polom.org\/blog\/wp-json\/wp\/v2\/types\/page"}],"author":[{"embeddable":true,"href":"https:\/\/www.polom.org\/blog\/wp-json\/wp\/v2\/users\/1"}],"replies":[{"embeddable":true,"href":"https:\/\/www.polom.org\/blog\/wp-json\/wp\/v2\/comments?post=2152"}],"version-history":[{"count":1,"href":"https:\/\/www.polom.org\/blog\/wp-json\/wp\/v2\/pages\/2152\/revisions"}],"predecessor-version":[{"id":2154,"href":"https:\/\/www.polom.org\/blog\/wp-json\/wp\/v2\/pages\/2152\/revisions\/2154"}],"wp:attachment":[{"href":"https:\/\/www.polom.org\/blog\/wp-json\/wp\/v2\/media?parent=2152"}],"curies":[{"name":"wp","href":"https:\/\/api.w.org\/{rel}","templated":true}]}}